{"id":1016,"date":"2015-05-11T13:52:45","date_gmt":"2015-05-11T13:52:45","guid":{"rendered":"http:\/\/yournurse.imagenconsulting.com\/?page_id=1016"},"modified":"2024-09-27T12:44:07","modified_gmt":"2024-09-27T12:44:07","slug":"contacto-enfermeras-marbella-estepona-malaga","status":"publish","type":"page","link":"https:\/\/www.yournurse.es\/en\/contacto-enfermeras-marbella-estepona-malaga\/","title":{"rendered":"Contact Us"},"content":{"rendered":"<p><section   class=\"fw-main-row-custom fw-main-row-top fw-section-no-padding  fw_theme_bg_fw-custom fw-section-image auto fw-content-vertical-align-middle fw-section-position-back tf-sh-43a5ac2f9098ed2592a015294ba78577\"  style=\" background-image:url(\/\/www.yournurse.es\/ficheros\/2016\/02\/fot-sec-enfermeras-hogar-marbella-06.jpg); background-repeat: no-repeat; background-position: center top; background-size: auto;\"  >\n\t\t<div class=\"fw-main-row-overlay\" style=\"background-color: #0c96a6; opacity: 0.5;\"><\/div>\t<div class=\"fw-container-fluid\" >\n\t\t<div class=\"fw-row\">\n\t<div id=\"column-69d02d6abf3de\" class=\"fw-col-sm-12 tf-sh-345bc76af8beee50208816a626fdc5fb\" >\n\t<div class=\"fw-wrap-col-inner clearfix  \"   >\n\t\t\t\t<div class=\"fw-col-inner\">\n\t\t\t<div class=\"fw-heading fw-heading-center fw-subheader-titles fw-heading-with-subtitle fw-animated-element tf-sh-04ed5247f459a875c5255aedfba6b342\"  data-animation-type=\"fadeInUp\" data-animation-delay=\"200\">\n\t\t\t<h1 class=\"fw-special-title\">Visit or <strong>contact us<\/strong> in Marbella<\/h1>\n\t\n\t\n\t\t\t<div class=\"fw-special-subtitle\">We'll be delighted to help you without any obligation.<\/div>\n\t<\/div>\t\t<\/div>\n\t<\/div>\n<\/div><\/div>\n\n\t<\/div>\n\t<\/section><section   class=\"fw-main-row-custom  fw_theme_bg_fw-custom fw-section-image auto  fw-section-position-back tf-sh-691ea9b54b4ef334c66fe044d02b8a23\"  style=\" background-image:url(\/\/yournurse.imagenconsulting.com\/ficheros\/2015\/05\/Dentist_2.jpg); background-repeat: no-repeat; background-position: left center; background-size: auto;\"  >\n\t\t<div class=\"fw-main-row-overlay\" style=\"background-color: #ffffff; opacity: 0.42;\"><\/div>\t<div class=\"fw-container\" >\n\t\t<div class=\"fw-row\">\n\t<div id=\"column-69d02d6abfa02\" class=\"fw-col-sm-12 tf-sh-cf7d4990c8b46a54ff265e98e750bc80\" >\n\t<div class=\"fw-wrap-col-inner clearfix  \"   >\n\t\t\t\t<div class=\"fw-col-inner\">\n\t\t\t<div class=\"fw-heading fw-heading-center  fw-heading-with-subtitle tf-sh-ddf1446acf22b12a70705dcaabee8afc\" >\n\t\t\t<h2 class=\"fw-special-title\">Write to us through this <strong>form<\/strong><\/h2>\n\t\n\t\n\t\t\t<div class=\"fw-special-subtitle\">We will get back to you as soon as possible. Please fill in all the required (*) fields.<\/div>\n\t<\/div>\t\t<\/div>\n\t<\/div>\n<\/div><\/div>\n\n<div class=\"fw-row\">\n\t<div id=\"column-69d02d6abfdab\" class=\"fw-col-sm-12 fw-mobile-hide-element tf-sh-e1cc6fc276a99e6e784c05dedab08d37  fw-col-no-padding\" >\n\t<div class=\"fw-wrap-col-inner clearfix  \"   >\n\t\t\t\t<div class=\"fw-col-inner\">\n\t\t\t<div class=\"fw-divider-space  fw-custom-space  clearfix\" style=\"height:21px;\" ><\/div>\t\t<\/div>\n\t<\/div>\n<\/div><\/div>\n\n<div class=\"fw-row\">\n\t<div id=\"column-69d02d6ac0154\" class=\"fw-col-sm-2 fw-mobile-hide-element tf-sh-e2421e923be3eef2c5a89aa3e360a8e1\" >\n\t<div class=\"fw-wrap-col-inner clearfix  \"   >\n\t\t\t\t<div class=\"fw-col-inner\">\n\t\t\t\t\t<\/div>\n\t<\/div>\n<\/div><div id=\"column-69d02d6ac027f\" class=\"fw-col-sm-12  fw-col-md-8 tf-sh-252335be2b676b249d6a7cd38ce090e8\" >\n\t<div class=\"fw-wrap-col-inner clearfix  \"   >\n\t\t\t\t<div class=\"fw-col-inner\">\n\t\t\t<div class=\"fw-contact-form tf-sh-contact-form-5550b42de31e0 \" data-redirect-page=\"\">\n\t<div class=\"fw-row wrap-forms wrap-contact-forms\">\n\t\t<form data-fw-form-id=\"fw_form\" method=\"post\" action=\"https:\/\/www.yournurse.es\/en\/wp-json\/wp\/v2\/pages\/1016\" class=\"fw_form_fw_form\" data-fw-ext-forms-type=\"contact-forms\"  ><input type=\"hidden\" name=\"fwf\" value=\"fw_form\" \/><input type=\"hidden\" id=\"_nonce_026ab49d6e829f51239bc3d74f1e4ba1\" name=\"_nonce_026ab49d6e829f51239bc3d74f1e4ba1\" value=\"e52b778341\" \/><input type=\"hidden\" name=\"_wp_http_referer\" value=\"\/en\/wp-json\/wp\/v2\/pages\/1016\" \/><input type=\"hidden\" name=\"fw_ext_forms_form_type\" value=\"contact-forms\" \/><input type=\"hidden\" name=\"fw_ext_forms_form_id\" value=\"contact-form-5550b42de31e0\" \/><div class=\"fw-row\"><\/div><div class=\"fw-row\"><div class=\"fw-col-xs-12 fw-col-sm-6 form-builder-item\">\n\t<div class=\"field-text\">\n\t\t\t\t\t<label for=\"id-1\">FULL NAME\t\t\t\t<sup>*<\/sup>\t\t\t<\/label>\n\t\t\t\t<input type=\"text\" name=\"text_421ffef\" placeholder=\"Please enter your Name\" value=\"\" id=\"id-1\" class=\"required\" >\n\t\t\t<\/div>\n<\/div><div class=\"fw-col-xs-12 fw-col-sm-6 form-builder-item\">\n\t<div class=\"field-text\">\n\t\t\t\t\t<label for=\"id-2\">E-MAIL\t\t\t\t<sup>*<\/sup>\t\t\t<\/label>\n\t\t\t\t<input type=\"text\" name=\"email_52868e1\" placeholder=\"Enter your email address\" value=\"\" id=\"id-2\" class=\"required\" >\n\t\t\t<\/div>\n<\/div><\/div><div class=\"fw-row\"><div class=\"fw-col-xs-12 fw-col-sm-6 form-builder-item\">\n\t<div class=\"field-text\">\n\t\t\t\t\t<label for=\"id-3\">PHONE NUMBER\t\t\t\t\t\t\t<\/label>\n\t\t\t\t<input type=\"text\" name=\"number_f1e9420\" placeholder=\"We need a valid phone number\" value=\"\" id=\"id-3\" data-constraint=\"{&quot;type&quot;:&quot;value&quot;,&quot;data&quot;:{&quot;min&quot;:0,&quot;max&quot;:0}}\" >\n\t\t\t<\/div>\n<\/div>\t<div class=\"fw-col-xs-12 fw-col-sm-6 form-builder-item\">\n\t\t<div class=\"field-radio input-styled fw-item-two-columns\">\n\t\t\t\t\t\t\t<label>ARE YOU A CUSTOMER?\t\t\t\t\t\t\t\t\t<\/label>\n\t\t\t\t\t\t<div class=\"custom-radio\">\n\t\t\t\t\t\t\t\t\t\t\t\t\t\t<div class=\"options\">\n\t\t\t\t\t\t<input type=\"radio\" name=\"radio_0386213\" value=\"Yes, I am.\" id=\"rand-4\"  \/>\n\t\t\t\t\t\t<label for=\"rand-4\">Yes, I am.<\/label>\n\t\t\t\t\t<\/div>\n\t\t\t\t\t\t\t\t\t\t\t\t\t\t<div class=\"options\">\n\t\t\t\t\t\t<input type=\"radio\" name=\"radio_0386213\" value=\"No, not yet.\" id=\"rand-5\"  \/>\n\t\t\t\t\t\t<label for=\"rand-5\">No, not yet.<\/label>\n\t\t\t\t\t<\/div>\n\t\t\t\t\t\t\t<\/div>\n\t\t\t\t\t<\/div>\n\t<\/div>\n<\/div><div class=\"fw-row\"><div class=\"fw-col-xs-12 form-builder-item\">\n\t<div class=\"field-textarea\">\n\t\t\t\t\t<label for=\"id-6\">MESSAGE\t\t\t\t<sup>*<\/sup>\t\t\t<\/label>\n\t\t\t\t<textarea name=\"textarea_8ce1135\" placeholder=\"\" id=\"id-6\" class=\"required\" ><\/textarea>\n\t\t\t<\/div>\n<\/div><\/div><div class=\"fw-row\"><\/div><div class=\"fw-row\">\n\t\t\t<div class=\"fw-col-sm-12 field-submit text-center\">\n\t\t\t<button type=\"submit\" class=\"fw-btn  fw-btn-md fw-btn-1\" style=\"\">\n\t\t\t\t<span>\n\t\t\t\t\t\t\t\t\t\t\tSEND FORM\t\t\t\t\t\t\t\t\t<\/span>\n\t\t\t<\/button>\n\t\t<\/div>\n\t<\/div><\/form>\t<\/div>\n<\/div>\t\t<\/div>\n\t<\/div>\n<\/div><div id=\"column-69d02d6ac0c04\" class=\"fw-col-sm-2 fw-mobile-hide-element tf-sh-efc19e47918690a70e83522b7a251dd6\" >\n\t<div class=\"fw-wrap-col-inner clearfix  \"   >\n\t\t\t\t<div class=\"fw-col-inner\">\n\t\t\t\t\t<\/div>\n\t<\/div>\n<\/div><\/div>\n\n\t<\/div>\n\t<\/section><section   class=\"fw-main-row-custom  fw_theme_bg_color_4 auto  fw-section-position-back tf-sh-6ca144db098999b04a151a89aa288ece\"    >\n\t\t\t<div class=\"fw-container\" >\n\t\t<div class=\"fw-row\">\n\t<div id=\"column-69d02d6ac10bb\" class=\"fw-col-sm-12 tf-sh-8a573bfcb4301ea6a894e44fd55085b5\" >\n\t<div class=\"fw-wrap-col-inner clearfix  \"   >\n\t\t\t\t<div class=\"fw-col-inner\">\n\t\t\t<div class=\"fw-heading fw-heading-center  tf-sh-7d54d97ebf7382963dec33e1cee023fa\" >\n\t\t\t<h2 class=\"fw-special-title\"><strong>Marbella<\/strong>, M\u00e1laga, Espa\u00f1a<\/h2>\n\t\n\t\n\t<\/div>\t\t<\/div>\n\t<\/div>\n<\/div><\/div>\n\n<div class=\"fw-row\">\n\t<div id=\"column-69d02d6ac1463\" class=\"fw-col-sm-4 fw-mobile-hide-element tf-sh-816bc64f10be8ec89d1e0da8b8db59af\" >\n\t<div class=\"fw-wrap-col-inner clearfix  \"   >\n\t\t\t\t<div class=\"fw-col-inner\">\n\t\t\t\t\t<\/div>\n\t<\/div>\n<\/div><div id=\"column-69d02d6ac1586\" class=\"fw-col-sm-4 tf-sh-845144e27d52551b00def19dbdf09fea custom-space\" >\n\t<div class=\"fw-wrap-col-inner clearfix  \"   >\n\t\t\t\t<div class=\"fw-col-inner\">\n\t\t\t<div class=\"fw-text-box tf-sh-9dd508e1e52be3725fec353499c81f18 \" >\n\t<div class=\"fw-text-inner\">\n\t\t<p style=\"text-align: center;\">AV. Rotary S\/N, Edif. Tembo Ban\u00fas 14. &nbsp;29660 Puerto Ban\u00fas (Marbella). Espa\u00f1a.<\/p>\n<p style=\"text-align: center; font-family: Open Sans !important;\">Phone:&nbsp;<strong>685 33 74 84<\/strong><\/p>\n<p style=\"text-align: center;\"><a href=\"mailto:consultas@yournurse.es\">consultas@yournurse.es<\/a><\/p>\n\t<\/div>\n<\/div>\t\t<\/div>\n\t<\/div>\n<\/div><div id=\"column-69d02d6ac1810\" class=\"fw-col-sm-4 fw-mobile-hide-element tf-sh-0f2587b245262ab913e39a17b97a7f36\" >\n\t<div class=\"fw-wrap-col-inner clearfix  \"   >\n\t\t\t\t<div class=\"fw-col-inner\">\n\t\t\t\t\t<\/div>\n\t<\/div>\n<\/div><\/div>\n\n<div class=\"fw-row\">\n\t<div id=\"column-69d02d6ac1a73\" class=\"fw-col-sm-12 tf-sh-bb91852b175d8a2f4e30ee59a1df6a79\" >\n\t<div class=\"fw-wrap-col-inner clearfix  \"   >\n\t\t\t\t<div class=\"fw-col-inner\">\n\t\t\t<div class=\"wrap-map fw-map  tf-sh-6910d1dc4760f3beef2dedaa1d437594\"  data-locations=\"[{&quot;title&quot;:&quot;Marbella&quot;,&quot;url&quot;:&quot;&quot;,&quot;thumb&quot;:false,&quot;coordinates&quot;:{&quot;lat&quot;:36.4889022,&quot;lng&quot;:-4.954839},&quot;description&quot;:&quot;&quot;}]\" data-map-type=\"ROADMAP\" data-map-height=\"600\" data-unique-id=\"6910d1dc4760f3beef2dedaa1d437594\" data-location-advanced-styling=\"{&quot;title&quot;:{&quot;google_font&quot;:false,&quot;subset&quot;:false,&quot;variation&quot;:false,&quot;family&quot;:&quot;Montserrat&quot;,&quot;style&quot;:&quot;normal&quot;,&quot;weight&quot;:&quot;400&quot;,&quot;size&quot;:16,&quot;line-height&quot;:16,&quot;letter-spacing&quot;:0,&quot;color-palette&quot;:{&quot;id&quot;:&quot;fw-custom&quot;,&quot;color&quot;:&quot;&quot;},&quot;is_saved&quot;:false},&quot;description&quot;:{&quot;google_font&quot;:false,&quot;subset&quot;:false,&quot;variation&quot;:false,&quot;family&quot;:&quot;Montserrat&quot;,&quot;style&quot;:&quot;normal&quot;,&quot;weight&quot;:&quot;400&quot;,&quot;size&quot;:14,&quot;line-height&quot;:16,&quot;letter-spacing&quot;:0,&quot;color-palette&quot;:{&quot;id&quot;:&quot;fw-custom&quot;,&quot;color&quot;:&quot;&quot;},&quot;is_saved&quot;:false}}\" data-map-pin=\"{&quot;url&quot;:&quot;https:\\\/\\\/www.yournurse.es\\\/en\\\/inc\\\/themes\\\/the-core-parent\\\/images\\\/map-pin.png&quot;}\" data-map-zoom=\"13\" data-map-style=\"[{&quot;featureType&quot;:&quot;landscape.man_made&quot;,&quot;elementType&quot;:&quot;geometry.fill&quot;,&quot;stylers&quot;:[{&quot;color&quot;:&quot;#e9e5dc&quot;}]},{&quot;featureType&quot;:&quot;landscape.natural&quot;,&quot;elementType&quot;:&quot;geometry.fill&quot;,&quot;stylers&quot;:[{&quot;visibility&quot;:&quot;on&quot;},{&quot;color&quot;:&quot;#b8cb93&quot;}]},{&quot;featureType&quot;:&quot;poi&quot;,&quot;elementType&quot;:&quot;all&quot;,&quot;stylers&quot;:[{&quot;visibility&quot;:&quot;off&quot;}]},{&quot;featureType&quot;:&quot;poi.business&quot;,&quot;elementType&quot;:&quot;all&quot;,&quot;stylers&quot;:[{&quot;visibility&quot;:&quot;simplified&quot;}]},{&quot;featureType&quot;:&quot;poi.medical&quot;,&quot;elementType&quot;:&quot;all&quot;,&quot;stylers&quot;:[{&quot;visibility&quot;:&quot;on&quot;}]},{&quot;featureType&quot;:&quot;poi.park&quot;,&quot;elementType&quot;:&quot;all&quot;,&quot;stylers&quot;:[{&quot;visibility&quot;:&quot;on&quot;}]},{&quot;featureType&quot;:&quot;poi.park&quot;,&quot;elementType&quot;:&quot;geometry.fill&quot;,&quot;stylers&quot;:[{&quot;color&quot;:&quot;#ccdca1&quot;}]},{&quot;featureType&quot;:&quot;poi.sports_complex&quot;,&quot;elementType&quot;:&quot;all&quot;,&quot;stylers&quot;:[{&quot;visibility&quot;:&quot;on&quot;}]},{&quot;featureType&quot;:&quot;road&quot;,&quot;elementType&quot;:&quot;geometry.fill&quot;,&quot;stylers&quot;:[{&quot;hue&quot;:&quot;#ff0000&quot;},{&quot;saturation&quot;:-100},{&quot;lightness&quot;:99}]},{&quot;featureType&quot;:&quot;road&quot;,&quot;elementType&quot;:&quot;geometry.stroke&quot;,&quot;stylers&quot;:[{&quot;color&quot;:&quot;#808080&quot;},{&quot;lightness&quot;:54},{&quot;visibility&quot;:&quot;off&quot;}]},{&quot;featureType&quot;:&quot;road&quot;,&quot;elementType&quot;:&quot;labels.text.fill&quot;,&quot;stylers&quot;:[{&quot;color&quot;:&quot;#767676&quot;}]},{&quot;featureType&quot;:&quot;road&quot;,&quot;elementType&quot;:&quot;labels.text.stroke&quot;,&quot;stylers&quot;:[{&quot;color&quot;:&quot;#ffffff&quot;}]},{&quot;featureType&quot;:&quot;water&quot;,&quot;elementType&quot;:&quot;all&quot;,&quot;stylers&quot;:[{&quot;saturation&quot;:43},{&quot;lightness&quot;:-11},{&quot;color&quot;:&quot;#89cada&quot;}]}]\" data-animation-group=\"{&quot;selected&quot;:&quot;no&quot;,&quot;yes&quot;:{&quot;animation&quot;:{&quot;animation&quot;:&quot;fadeInUp&quot;,&quot;delay&quot;:&quot;200&quot;}}}\" data-responsive=\"{&quot;desktop_display&quot;:{&quot;selected&quot;:&quot;yes&quot;},&quot;tablet_landscape_display&quot;:{&quot;selected&quot;:&quot;yes&quot;},&quot;tablet_display&quot;:{&quot;selected&quot;:&quot;yes&quot;},&quot;smartphone_display&quot;:{&quot;selected&quot;:&quot;yes&quot;}}\" data-class=\"\" >\n\t<div class=\"fw-map-canvas map\"><\/div>\n<\/div>\t\t<\/div>\n\t<\/div>\n<\/div><\/div>\n\n<div class=\"fw-row\">\n\t<div id=\"column-69d02d6ac211a\" class=\"fw-col-sm-12 fw-mobile-hide-element tf-sh-157d03e2172e26dd2f0b92eb10118c92  fw-col-no-padding\" >\n\t<div class=\"fw-wrap-col-inner clearfix  \"   >\n\t\t\t\t<div class=\"fw-col-inner\">\n\t\t\t<div class=\"fw-divider-space  fw-custom-space  clearfix\" style=\"height:40px;\" ><\/div>\t\t<\/div>\n\t<\/div>\n<\/div><\/div>\n\n<div class=\"fw-row\">\n\t<div id=\"column-69d02d6ac2480\" class=\"fw-col-sm-12 tf-sh-73b479842bd9b7c9eef875e400b124a0  fw-col-no-padding\" >\n\t<div class=\"fw-wrap-col-inner clearfix  \"   >\n\t\t\t\t<div class=\"fw-col-inner\">\n\t\t\t<div class=\"text-center\">\t<a href=\"#\" target=\"_self\" class=\"fw-btn tf-sh-0fcce49080ba5c9e20db1626ffa2a96e  fw-btn-lg   fw-btn-1\"  style=\"\">\n\t\t<span >\n\t\t\tVIEW IN GOOGLE MAPS\t\t<\/span>\n\t<\/a>\n<\/div>\t\t<\/div>\n\t<\/div>\n<\/div><\/div>\n\n\t<\/div>\n\t<\/section><\/p>\n","protected":false},"excerpt":{"rendered":"<p>Visit or contact us in Marbella We&#8217;ll be delighted to help you without any obligation. Write to us through this form We will get back to you as soon as possible. Please fill in all the required (*) fields. FULL NAME * E-MAIL * PHONE NUMBER ARE YOU A CUSTOMER? Yes, I am. No, not [&hellip;]<\/p>\n","protected":false},"author":1,"featured_media":0,"parent":0,"menu_order":0,"comment_status":"closed","ping_status":"closed","template":"visual-builder-template.php","meta":{"footnotes":""},"class_list":["post-1016","page","type-page","status-publish","hentry"],"aioseo_notices":[],"brizy_media":[],"_links":{"self":[{"href":"https:\/\/www.yournurse.es\/en\/wp-json\/wp\/v2\/pages\/1016"}],"collection":[{"href":"https:\/\/www.yournurse.es\/en\/wp-json\/wp\/v2\/pages"}],"about":[{"href":"https:\/\/www.yournurse.es\/en\/wp-json\/wp\/v2\/types\/page"}],"author":[{"embeddable":true,"href":"https:\/\/www.yournurse.es\/en\/wp-json\/wp\/v2\/users\/1"}],"replies":[{"embeddable":true,"href":"https:\/\/www.yournurse.es\/en\/wp-json\/wp\/v2\/comments?post=1016"}],"version-history":[{"count":21,"href":"https:\/\/www.yournurse.es\/en\/wp-json\/wp\/v2\/pages\/1016\/revisions"}],"predecessor-version":[{"id":2484,"href":"https:\/\/www.yournurse.es\/en\/wp-json\/wp\/v2\/pages\/1016\/revisions\/2484"}],"wp:attachment":[{"href":"https:\/\/www.yournurse.es\/en\/wp-json\/wp\/v2\/media?parent=1016"}],"curies":[{"name":"wp","href":"https:\/\/api.w.org\/{rel}","templated":true}]}}